{"id":7400,"date":"2019-02-25T11:20:54","date_gmt":"2019-02-25T11:20:54","guid":{"rendered":"https:\/\/54.154.107.251.xip.io\/acfoodtest\/?page_id=7400"},"modified":"2019-02-25T11:20:54","modified_gmt":"2019-02-25T11:20:54","slug":"tops-biskviti-2-2-2","status":"publish","type":"page","link":"https:\/\/acfood.ba\/?page_id=7400","title":{"rendered":"VEGEDOR DODAKAK JELIMA S POVR\u0106EM"},"content":{"rendered":"<p>[vc_row][vc_column][vc_single_image image=&#8221;7338&#8243; img_size=&#8221;full&#8221; css=&#8221;.vc_custom_1551092829523{padding-bottom: 1px !important;background-position: center !important;background-repeat: no-repeat !important;background-size: contain !important;}&#8221;][\/vc_column][\/vc_row][vc_row css=&#8221;.vc_custom_1551090815120{padding-top: 1px !important;}&#8221;][vc_column width=&#8221;2\/3&#8243;][vc_column_text]<\/p>\n<ul>\n<li>Sa 6 vrsta su\u0161enog povr\u0107a i sa smanjenim udjelom soli od 52% u svom sastavu, te sa kurkumom kao prirodnim bojilom, Vegedor predstavlja zdraviju verziju mje\u0161avine za\u010dina.<\/li>\n<li>Moderno pakovanje sa ZIP zatvara\u010dem, \u010duvati \u0107e za\u010din svje\u017eim du\u017ee vremena.<\/li>\n<li>Ovakva kombinacija za\u010dina i su\u0161enog povr\u0107a \u0107e obogatiti svako va\u0161e jelo, bilo da spremate meso, varivo, pe\u010denje ili povr\u0107e. Kuhajte i vi kao profesionalni kuhar.<\/li>\n<\/ul>\n<p>&nbsp;<\/p>\n<table width=\"676\">\n<tbody>\n<tr>\n<td width=\"129\"><strong>EAN CODE <\/strong><\/td>\n<td width=\"319\"><strong>ARTIKAL \/ ARTICLE<\/strong><\/td>\n<td width=\"57\"><strong>Te\u017eina\/ weight<\/strong><\/td>\n<td width=\"57\"><strong>TP<\/strong><\/td>\n<td width=\"57\"><strong>Paleta\/ Pallet<\/strong><\/td>\n<td width=\"57\"><strong>Dana\/ Days<\/strong><\/td>\n<\/tr>\n<tr>\n<td width=\"129\">3871040001602<\/td>\n<td width=\"319\">Dodatak jelu Vegedor \/ Food supliment<\/td>\n<td width=\"57\">250<\/td>\n<td width=\"57\">16<\/td>\n<td width=\"57\">1536<\/td>\n<td width=\"57\">730<\/td>\n<\/tr>\n<tr>\n<td width=\"129\">3871040001619<\/td>\n<td width=\"319\">Dodatak jelu Vegedor \/ Food supliment<\/td>\n<td width=\"57\">500<\/td>\n<td width=\"57\">10<\/td>\n<td width=\"57\">780<\/td>\n<td width=\"57\">730<\/td>\n<\/tr>\n<\/tbody>\n<\/table>\n<p>[\/vc_column_text][\/vc_column][vc_column width=&#8221;1\/3&#8243;][vc_widget_sidebar sidebar_id=&#8221;vegedor&#8221;][\/vc_column][\/vc_row]<\/p>\n","protected":false},"excerpt":{"rendered":"<p>[vc_row][vc_column][vc_single_image image=&#8221;7338&#8243; img_size=&#8221;full&#8221; css=&#8221;.vc_custom_1551092829523{padding-bottom: 1px !important;background-position: center !important;background-repeat: no-repeat !important;background-size: contain !important;}&#8221;][\/vc_column][\/vc_row][vc_row css=&#8221;.vc_custom_1551090815120{padding-top: 1px !important;}&#8221;][vc_column width=&#8221;2\/3&#8243;][vc_column_text] Sa 6 vrsta su\u0161enog povr\u0107a i sa smanjenim udjelom soli od 52% u svom sastavu, te sa kurkumom kao prirodnim bojilom, Vegedor predstavlja zdraviju&#8230;<\/p>\n","protected":false},"author":8,"featured_media":0,"parent":0,"menu_order":0,"comment_status":"closed","ping_status":"closed","template":"","meta":[],"_links":{"self":[{"href":"https:\/\/acfood.ba\/index.php?rest_route=\/wp\/v2\/pages\/7400"}],"collection":[{"href":"https:\/\/acfood.ba\/index.php?rest_route=\/wp\/v2\/pages"}],"about":[{"href":"https:\/\/acfood.ba\/index.php?rest_route=\/wp\/v2\/types\/page"}],"author":[{"embeddable":true,"href":"https:\/\/acfood.ba\/index.php?rest_route=\/wp\/v2\/users\/8"}],"replies":[{"embeddable":true,"href":"https:\/\/acfood.ba\/index.php?rest_route=%2Fwp%2Fv2%2Fcomments&post=7400"}],"version-history":[{"count":0,"href":"https:\/\/acfood.ba\/index.php?rest_route=\/wp\/v2\/pages\/7400\/revisions"}],"wp:attachment":[{"href":"https:\/\/acfood.ba\/index.php?rest_route=%2Fwp%2Fv2%2Fmedia&parent=7400"}],"curies":[{"name":"wp","href":"https:\/\/api.w.org\/{rel}","templated":true}]}}