{"id":7389,"date":"2019-02-25T11:15:30","date_gmt":"2019-02-25T11:15:30","guid":{"rendered":"https:\/\/54.154.107.251.xip.io\/acfoodtest\/?page_id=7389"},"modified":"2019-02-25T11:15:30","modified_gmt":"2019-02-25T11:15:30","slug":"tops-biskviti-2-2","status":"publish","type":"page","link":"https:\/\/acfood.ba\/?page_id=7389","title":{"rendered":"Maza Kremni Namaz"},"content":{"rendered":"<p>[vc_row][vc_column][vc_single_image image=&#8221;7336&#8243; img_size=&#8221;full&#8221; css=&#8221;.vc_custom_1551092548226{padding-bottom: 1px !important;}&#8221;][\/vc_column][\/vc_row][vc_row css=&#8221;.vc_custom_1551090815120{padding-top: 1px !important;}&#8221;][vc_column width=&#8221;2\/3&#8243;][vc_column_text]<\/p>\n<ul>\n<li>MAZA je\u00a0 premium kremni namaz od lje\u0161njaka, inovativnih i kvalitetnih sastojaka sa visokim procentom lje\u0161njaka i bez palminog ulja.<\/li>\n<li>U asortimanskoj ponudi je: MAZA sa 30 % lje\u0161njaka , MAZA sa 20 % lje\u0161njaka i MAZA Crunchy sa hrskavim kuglicama \u017eitarica , koji je posebno namjenjen za naj\u010de\u0161\u0107i desert u doma\u0107instvima &#8211; pala\u010dinke za cijelu porodicu .<\/li>\n<li>Krem namaz MAZA je proizveden od najkvalitetnijih sastojaka i tajna je u savr\u0161enim omjerima kakaa i najfinije kreme od lje\u0161njaka koji su odli\u010dan izvor minerala i vitamina .<\/li>\n<\/ul>\n<p>&nbsp;<\/p>\n<p>&nbsp;<\/p>\n<table width=\"682\">\n<tbody>\n<tr>\n<td width=\"130\"><strong>EAN CODE <\/strong><\/td>\n<td width=\"322\"><strong>ARTIKAL \/ ARTICLE<\/strong><\/td>\n<td width=\"57\"><strong>Te\u017eina\/ weight<\/strong><\/td>\n<td width=\"57\"><strong>TP<\/strong><\/td>\n<td width=\"57\"><strong>Paleta\/ Pallet<\/strong><\/td>\n<td width=\"57\"><strong>Dana\/ Days<\/strong><\/td>\n<\/tr>\n<tr>\n<td width=\"130\">3871040 002166<\/td>\n<td width=\"322\">MAZA 30% lje\u0161njaka\u00a0 \/ Maza 30% hazelnut<\/td>\n<td width=\"57\">350<\/td>\n<td width=\"57\">12<\/td>\n<td width=\"57\">1200<\/td>\n<td width=\"57\">365<\/td>\n<\/tr>\n<tr>\n<td width=\"130\">3871040 002173<\/td>\n<td width=\"322\">MAZA 30% lje\u0161njaka \/ Maza 30% hazelnut<\/td>\n<td width=\"57\">700<\/td>\n<td width=\"57\">8<\/td>\n<td width=\"57\">640<\/td>\n<td width=\"57\">365<\/td>\n<\/tr>\n<tr>\n<td width=\"130\">3871040 002203<\/td>\n<td width=\"322\">MAZA CRUNCHY<\/td>\n<td width=\"57\">350<\/td>\n<td width=\"57\">12<\/td>\n<td width=\"57\">1200<\/td>\n<td width=\"57\">365<\/td>\n<\/tr>\n<tr>\n<td width=\"130\">3871040 002180<\/td>\n<td width=\"322\">MAZA 20% lje\u0161njaka \/ Maza 20% hazelnut<\/td>\n<td width=\"57\">350<\/td>\n<td width=\"57\">12<\/td>\n<td width=\"57\">1200<\/td>\n<td width=\"57\">365<\/td>\n<\/tr>\n<tr>\n<td width=\"130\">3871040 002197<\/td>\n<td width=\"322\">MAZA 20% lje\u0161njaka\/ Maza 20% hazelnut<\/td>\n<td width=\"57\">700<\/td>\n<td width=\"57\">8<\/td>\n<td width=\"57\">640<\/td>\n<td width=\"57\">365<\/td>\n<\/tr>\n<\/tbody>\n<\/table>\n<p>[\/vc_column_text][\/vc_column][vc_column width=&#8221;1\/3&#8243;][vc_widget_sidebar sidebar_id=&#8221;maza&#8221;][\/vc_column][\/vc_row]<\/p>\n","protected":false},"excerpt":{"rendered":"<p>[vc_row][vc_column][vc_single_image image=&#8221;7336&#8243; img_size=&#8221;full&#8221; css=&#8221;.vc_custom_1551092548226{padding-bottom: 1px !important;}&#8221;][\/vc_column][\/vc_row][vc_row css=&#8221;.vc_custom_1551090815120{padding-top: 1px !important;}&#8221;][vc_column width=&#8221;2\/3&#8243;][vc_column_text] MAZA je\u00a0 premium kremni namaz od lje\u0161njaka, inovativnih i kvalitetnih sastojaka sa visokim procentom lje\u0161njaka i bez palminog ulja. U asortimanskoj ponudi je: MAZA sa 30 % lje\u0161njaka , MAZA&#8230;<\/p>\n","protected":false},"author":8,"featured_media":0,"parent":0,"menu_order":0,"comment_status":"closed","ping_status":"closed","template":"","meta":[],"_links":{"self":[{"href":"https:\/\/acfood.ba\/index.php?rest_route=\/wp\/v2\/pages\/7389"}],"collection":[{"href":"https:\/\/acfood.ba\/index.php?rest_route=\/wp\/v2\/pages"}],"about":[{"href":"https:\/\/acfood.ba\/index.php?rest_route=\/wp\/v2\/types\/page"}],"author":[{"embeddable":true,"href":"https:\/\/acfood.ba\/index.php?rest_route=\/wp\/v2\/users\/8"}],"replies":[{"embeddable":true,"href":"https:\/\/acfood.ba\/index.php?rest_route=%2Fwp%2Fv2%2Fcomments&post=7389"}],"version-history":[{"count":0,"href":"https:\/\/acfood.ba\/index.php?rest_route=\/wp\/v2\/pages\/7389\/revisions"}],"wp:attachment":[{"href":"https:\/\/acfood.ba\/index.php?rest_route=%2Fwp%2Fv2%2Fmedia&parent=7389"}],"curies":[{"name":"wp","href":"https:\/\/api.w.org\/{rel}","templated":true}]}}