{"id":7371,"date":"2019-02-25T10:29:26","date_gmt":"2019-02-25T10:29:26","guid":{"rendered":"https:\/\/54.154.107.251.xip.io\/acfoodtest\/?page_id=7371"},"modified":"2019-02-25T10:33:37","modified_gmt":"2019-02-25T10:33:37","slug":"tops-biskviti","status":"publish","type":"page","link":"https:\/\/acfood.ba\/?page_id=7371","title":{"rendered":"Tops Biskviti"},"content":{"rendered":"<p>[vc_row][vc_column][vc_single_image image=&#8221;7305&#8243; img_size=&#8221;full&#8221; css=&#8221;.vc_custom_1551090797683{padding-bottom: 1px !important;background-image: url(https:\/\/54.154.107.251.xip.io\/acfoodtest\/wp-content\/uploads\/2019\/02\/tops-970&#215;250-web.jpg?id=7305) !important;}&#8221;][\/vc_column][\/vc_row][vc_row css=&#8221;.vc_custom_1551090815120{padding-top: 1px !important;}&#8221;][vc_column width=&#8221;2\/3&#8243;][vc_column_text]<\/p>\n<ul>\n<li>Biskvit sa \u017eeleom okusa narand\u017ee i \u010dokoladnim preljevom \u2013 okruglo pecivo sa prozirnim vo\u0107nim \u017eeleom, presvu\u010deno tamnosme\u0111om \u010dokoladnom glazurom .<\/li>\n<\/ul>\n<p>&nbsp;<\/p>\n<p>TOPS \u00a0&#8211; BISKVIT SA \u017dELEOM OKUSA NARAND\u017dE I \u010cOKOLADNIM PRELJEVOM<\/p>\n<p>TOPS \u2013 BISCUITS WITH ORANGE FLAVOUR FILLING AND CHOCOLATE COATING<\/p>\n<table width=\"681\">\n<tbody>\n<tr>\n<td width=\"127\"><strong>EAN CODE <\/strong><\/td>\n<td width=\"197\"><strong>ARTIKAL \/ ARTICLE<\/strong><\/td>\n<td width=\"88\"><strong>Te\u017eina\/ weight<\/strong><\/td>\n<td width=\"104\"><strong>TP<\/strong><\/td>\n<td width=\"76\"><strong>Paleta\/ Pallet<\/strong><\/td>\n<td width=\"89\"><strong>Dana\/ Days<\/strong><\/td>\n<\/tr>\n<tr>\n<td width=\"127\">3871040003309<\/td>\n<td width=\"197\">Tops narand\u017ea \/ Tops orange<\/td>\n<td width=\"88\">125<\/td>\n<td width=\"104\">24<\/td>\n<td width=\"76\">2016<\/td>\n<td width=\"89\">240<\/td>\n<\/tr>\n<tr>\n<td width=\"127\">3870612000791<\/td>\n<td width=\"197\">Tops Family pack<\/td>\n<td width=\"88\">460<\/td>\n<td width=\"104\">14<\/td>\n<td width=\"76\">420<\/td>\n<td width=\"89\">240<\/td>\n<\/tr>\n<\/tbody>\n<\/table>\n<p>&nbsp;<\/p>\n<p>&nbsp;<\/p>\n<p>TOPS CHOCO \u2013 KAKAO BISKVIT SA \u017dELEOM OKUSA NARAND\u017dE I \u010cOKOLADNIM PRELJEVOM<\/p>\n<p>TOPS CHOCO \u2013 COCOA BISCUITS WITH ORANGE FLAVOUR FILLING AND CHOCOLATE COATING<\/p>\n<table width=\"651\">\n<tbody>\n<tr>\n<td width=\"124\"><strong>EAN CODE <\/strong><\/td>\n<td width=\"307\"><strong>ARTIKAL \/ ARTICLE<\/strong><\/td>\n<td width=\"55\"><strong>Te\u017eina\/ weight<\/strong><\/td>\n<td width=\"55\"><strong>TP<\/strong><\/td>\n<td width=\"55\"><strong>Paleta\/ Pallet<\/strong><\/td>\n<td width=\"55\"><strong>Dana\/ Days<\/strong><\/td>\n<\/tr>\n<tr>\n<td width=\"124\">3870612000777<\/td>\n<td width=\"307\">Tops \u010dokolada \/ Tops Choco<\/td>\n<td width=\"55\">120<\/td>\n<td width=\"55\">24<\/td>\n<td width=\"55\">2016<\/td>\n<td width=\"55\">240<\/td>\n<\/tr>\n<\/tbody>\n<\/table>\n<p>&nbsp;<\/p>\n<p>TOPS \u2013 BISKVIT SA \u017dELEOM OKUSA ANANASA I \u010cOKOLADNIM PRELJEVOM<\/p>\n<p>TOPS \u2013 BISCUITS WITH PINEAPPLE FLAVOUR FILLING AND CHOCOLATE COATING<\/p>\n<table width=\"651\">\n<tbody>\n<tr>\n<td width=\"124\"><strong>EAN CODE <\/strong><\/td>\n<td width=\"307\"><strong>ARTIKAL \/ ARTICLE<\/strong><\/td>\n<td width=\"55\"><strong>Te\u017eina\/ weight<\/strong><\/td>\n<td width=\"55\"><strong>TP<\/strong><\/td>\n<td width=\"55\"><strong>Paleta\/ Pallet<\/strong><\/td>\n<td width=\"55\"><strong>Dana\/ Days<\/strong><\/td>\n<\/tr>\n<tr>\n<td width=\"124\">3871040003361<\/td>\n<td width=\"307\">Tops Ananas \/ Tops Pineapple<\/td>\n<td width=\"55\">148<\/td>\n<td width=\"55\">24<\/td>\n<td width=\"55\">2016<\/td>\n<td width=\"55\">240<\/td>\n<\/tr>\n<\/tbody>\n<\/table>\n<p>&nbsp;<\/p>\n<p>TOPS \u2013 BISKVIT SA \u017dELEOM OD JABUKE, CIMETOM I \u010cOKOLADNIM PRELJEVOM<\/p>\n<p>TOPS &#8211; BISCUITS WITH APPLE JELLY AND CINNAMON COVERED WITH CHOCOLATE<\/p>\n<table width=\"651\">\n<tbody>\n<tr>\n<td width=\"124\"><strong>EAN CODE <\/strong><\/td>\n<td width=\"307\"><strong>ARTIKAL \/ ARTICLE<\/strong><\/td>\n<td width=\"55\"><strong>Te\u017eina\/ weight<\/strong><\/td>\n<td width=\"55\"><strong>TP<\/strong><\/td>\n<td width=\"55\"><strong>Paleta\/ Pallet<\/strong><\/td>\n<td width=\"55\"><strong>Dana\/ Days<\/strong><\/td>\n<\/tr>\n<tr>\n<td width=\"124\">3871040003316<\/td>\n<td width=\"307\">Biskvit Tops jabuka sa cimetom 125 g<\/td>\n<td width=\"55\">125<\/td>\n<td width=\"55\">24<\/td>\n<td width=\"55\">2016<\/td>\n<td width=\"55\">240<\/td>\n<\/tr>\n<\/tbody>\n<\/table>\n<p>[\/vc_column_text][\/vc_column][vc_column width=&#8221;1\/3&#8243;][vc_widget_sidebar sidebar_id=&#8221;primary-sidebar&#8221;][\/vc_column][\/vc_row]<\/p>\n","protected":false},"excerpt":{"rendered":"<p>[vc_row][vc_column][vc_single_image image=&#8221;7305&#8243; img_size=&#8221;full&#8221; css=&#8221;.vc_custom_1551090797683{padding-bottom: 1px !important;background-image: url(https:\/\/54.154.107.251.xip.io\/acfoodtest\/wp-content\/uploads\/2019\/02\/tops-970&#215;250-web.jpg?id=7305) !important;}&#8221;][\/vc_column][\/vc_row][vc_row css=&#8221;.vc_custom_1551090815120{padding-top: 1px !important;}&#8221;][vc_column width=&#8221;2\/3&#8243;][vc_column_text] Biskvit sa \u017eeleom okusa narand\u017ee i \u010dokoladnim preljevom \u2013 okruglo pecivo sa prozirnim vo\u0107nim \u017eeleom, presvu\u010deno tamnosme\u0111om \u010dokoladnom glazurom . &nbsp; TOPS \u00a0&#8211; BISKVIT SA \u017dELEOM OKUSA NARAND\u017dE&#8230;<\/p>\n","protected":false},"author":8,"featured_media":0,"parent":0,"menu_order":0,"comment_status":"closed","ping_status":"closed","template":"","meta":[],"_links":{"self":[{"href":"https:\/\/acfood.ba\/index.php?rest_route=\/wp\/v2\/pages\/7371"}],"collection":[{"href":"https:\/\/acfood.ba\/index.php?rest_route=\/wp\/v2\/pages"}],"about":[{"href":"https:\/\/acfood.ba\/index.php?rest_route=\/wp\/v2\/types\/page"}],"author":[{"embeddable":true,"href":"https:\/\/acfood.ba\/index.php?rest_route=\/wp\/v2\/users\/8"}],"replies":[{"embeddable":true,"href":"https:\/\/acfood.ba\/index.php?rest_route=%2Fwp%2Fv2%2Fcomments&post=7371"}],"version-history":[{"count":0,"href":"https:\/\/acfood.ba\/index.php?rest_route=\/wp\/v2\/pages\/7371\/revisions"}],"wp:attachment":[{"href":"https:\/\/acfood.ba\/index.php?rest_route=%2Fwp%2Fv2%2Fmedia&parent=7371"}],"curies":[{"name":"wp","href":"https:\/\/api.w.org\/{rel}","templated":true}]}}