{"id":7253,"date":"2016-06-26T17:27:32","date_gmt":"2016-06-26T17:27:32","guid":{"rendered":"http:\/\/innwithemes.com\/composer\/?page_id=7253"},"modified":"2019-03-14T11:31:27","modified_gmt":"2019-03-14T11:31:27","slug":"agency-portfolio","status":"publish","type":"page","link":"https:\/\/acfood.ba\/","title":{"rendered":"Agency Portfolio"},"content":{"rendered":"<p>[vc_row full_width=&#8221;stretch_row_content_no_spaces&#8221; css=&#8221;.vc_custom_1466963073202{padding-bottom: 0px !important;}&#8221;][vc_column][vc_column_text]<\/p>\n<p style=\"color: #333333;font-family: 'Poppins';font-size: 50px;font-weight: 600;text-align: center\">Dobrodo\u0161li AC Food<span style=\"color: #00a9d1\">.<\/span><\/p>\n<p>[\/vc_column_text][vc_empty_space height=&#8221;55px&#8221;]<div class=\"loadmore-wrap no-portfolio-carousel grid  \"><div class=\"wpb_row vc_row-fluid\"><div class=\"portfolio-contents load-container margin-no \"><div class=\"portfolio-grid-sizer vc_col-sm-3\"><\/div><div class=\"vc_col-sm-3 pix-portfolio-item element style3\"><div class=\"portfolio-container portfolio-style3\"><div class=\"pix-animate-portfolio\" data-trans=\"fadeInUp\"  data-duration=\"300ms\" data-delay=\"200\" ><img src=\"https:\/\/acfood.ba\/wp-content\/uploads\/2019\/02\/tops_product-1-480x480.jpg\" alt=\"\"><div class=\"portfolio-style3-content\"><div class=\"portfolio-link\"><a href=\"https:\/\/acfood.ba\/?portfolio=kafa\" target=\"_self\" class=\"inner-content\"><div class=\"portfolio-content\"><h2 class=\"title\">Biskviti Tops<\/h2><p><\/p><\/div><\/a><\/div><\/div><\/div><\/div><\/div><div class=\"vc_col-sm-3 pix-portfolio-item element style3\"><div class=\"portfolio-container portfolio-style3\"><div class=\"pix-animate-portfolio\" data-trans=\"fadeInUp\"  data-duration=\"300ms\" data-delay=\"200\" ><img src=\"https:\/\/acfood.ba\/wp-content\/uploads\/2019\/02\/kolutici_product-1-480x480.jpg\" alt=\"\"><div class=\"portfolio-style3-content\"><div class=\"portfolio-link\"><a href=\"https:\/\/acfood.ba\/?portfolio=cajni-kolutici-tops\" target=\"_self\" class=\"inner-content\"><div class=\"portfolio-content\"><h2 class=\"title\">\u010cajni koluti\u0107i TOPS<\/h2><p><\/p><\/div><\/a><\/div><\/div><\/div><\/div><\/div><div class=\"vc_col-sm-3 pix-portfolio-item element style3\"><div class=\"portfolio-container portfolio-style3\"><div class=\"pix-animate-portfolio\" data-trans=\"fadeInUp\"  data-duration=\"300ms\" data-delay=\"200\" ><img src=\"https:\/\/acfood.ba\/wp-content\/uploads\/2019\/02\/maza_product-1-480x480.jpg\" alt=\"\"><div class=\"portfolio-style3-content\"><div class=\"portfolio-link\"><a href=\"https:\/\/acfood.ba\/?portfolio=kremni-namazi-maza\" target=\"_self\" class=\"inner-content\"><div class=\"portfolio-content\"><h2 class=\"title\">Kremni namazi MAZA<\/h2><p><\/p><\/div><\/a><\/div><\/div><\/div><\/div><\/div><div class=\"vc_col-sm-3 pix-portfolio-item element style3\"><div class=\"portfolio-container portfolio-style3\"><div class=\"pix-animate-portfolio\" data-trans=\"fadeInUp\"  data-duration=\"300ms\" data-delay=\"200\" ><img src=\"https:\/\/acfood.ba\/wp-content\/uploads\/2019\/02\/drink_product-1-480x480.jpg\" alt=\"\"><div class=\"portfolio-style3-content\"><div class=\"portfolio-link\"><a href=\"https:\/\/acfood.ba\/?portfolio=kakao-instant-napitci-maza-drink\" target=\"_self\" class=\"inner-content\"><div class=\"portfolio-content\"><h2 class=\"title\">Kakao instant napitci MAZA DRINK<\/h2><p><\/p><\/div><\/a><\/div><\/div><\/div><\/div><\/div><div class=\"vc_col-sm-3 pix-portfolio-item element style3\"><div class=\"portfolio-container portfolio-style3\"><div class=\"pix-animate-portfolio\" data-trans=\"fadeInUp\"  data-duration=\"300ms\" data-delay=\"200\" ><img src=\"https:\/\/acfood.ba\/wp-content\/uploads\/2019\/02\/vegedor_product-1-480x480.jpg\" alt=\"\"><div class=\"portfolio-style3-content\"><div class=\"portfolio-link\"><a href=\"https:\/\/acfood.ba\/?portfolio=dodaci-jelima-vegedor\" target=\"_self\" class=\"inner-content\"><div class=\"portfolio-content\"><h2 class=\"title\">Dodaci jelima VEGEDOR<\/h2><p><\/p><\/div><\/a><\/div><\/div><\/div><\/div><\/div><div class=\"vc_col-sm-3 pix-portfolio-item element style3\"><div class=\"portfolio-container portfolio-style3\"><div class=\"pix-animate-portfolio\" data-trans=\"fadeInUp\"  data-duration=\"300ms\" data-delay=\"200\" ><img src=\"https:\/\/acfood.ba\/wp-content\/uploads\/2019\/02\/kulinarski_product-1-480x480.jpg\" alt=\"\"><div class=\"portfolio-style3-content\"><div class=\"portfolio-link\"><a href=\"https:\/\/acfood.ba\/?portfolio=kulinarski-asortiman\" target=\"_self\" class=\"inner-content\"><div class=\"portfolio-content\"><h2 class=\"title\">Kulinarski asortiman<\/h2><p><\/p><\/div><\/a><\/div><\/div><\/div><\/div><\/div><div class=\"vc_col-sm-3 pix-portfolio-item element style3\"><div class=\"portfolio-container portfolio-style3\"><div class=\"pix-animate-portfolio\" data-trans=\"fadeInUp\"  data-duration=\"300ms\" data-delay=\"200\" ><img src=\"https:\/\/acfood.ba\/wp-content\/uploads\/2019\/02\/kafa_product-1-480x480.jpg\" alt=\"\"><div class=\"portfolio-style3-content\"><div class=\"portfolio-link\"><a href=\"https:\/\/acfood.ba\/?portfolio=mljevena-kafa-emina\" target=\"_self\" class=\"inner-content\"><div class=\"portfolio-content\"><h2 class=\"title\">Mljevena kafa EMINA<\/h2><p><\/p><\/div><\/a><\/div><\/div><\/div><\/div><\/div><\/div><\/div><\/div>[\/vc_column][\/vc_row][vc_row full_width=&#8221;stretch_row&#8221; css=&#8221;.vc_custom_1550957974850{padding-bottom: 1px !important;background-color: #f2f2f2 !important;}&#8221;][vc_column][vc_custom_heading text=&#8221;AC Food je sinonim za vrijednost koja rezultira kvalitetnim brandovima. Kontinuirano ulaganje u znanje i tehnologiju su osnove na kojima kompanija gradi i ja\u010da poziciju na doma\u0107em i inostranom tr\u017ei\u0161tu.<\/p>\n<p>AC Food d.o.o. je osnovan u januaru 2017. godine u Velikoj Kladu\u0161i, kao sastavni dio AS grupacije. Iste godine preuzeta je proizvodnja TOPS-a , najpoznatijeg branda ove kompanije.<\/p>\n<p>Na\u0161i proizvodi su napravljeni u Bosni i Hercegovini, u fabrici u Velikoj Kladu\u0161i, pri \u010demu se koriste samo najkvalitetniji sastojci i recepti.&#8221; font_container=&#8221;tag:h2|text_align:center&#8221; use_theme_fonts=&#8221;yes&#8221; css_animation=&#8221;fadeIn&#8221; css=&#8221;.vc_custom_1550957652006{margin-top: 1px !important;margin-bottom: 1px !important;border-top-width: 1px !important;border-bottom-width: 1px !important;padding-top: 1px !important;padding-bottom: 1px !important;}&#8221;][\/vc_column][\/vc_row][vc_row full_width=&#8221;stretch_row&#8221; css=&#8221;.vc_custom_1466961934132{background-color: #f2f2f2 !important;}&#8221;][vc_column width=&#8221;1\/3&#8243;]<div class=\"smile_icon_list_wrap ult_info_list_container ult-adjust-bottom-margin  \"><ul class=\"smile_icon_list left square with_bg\"><li class=\"icon_list_item\" style=\" font-size:72px;\"><div class=\"icon_list_icon\" data-animation=\"fadeIn\" data-animation-delay=\"03\" style=\"font-size:24px;border-width:1px;border-style:none;background:#ffffff;color:#333333;border-color:#333333;\"><i class=\"Defaults-flag\" ><\/i><\/div><div class=\"icon_description\" id=\"Info-list-wrap-4658\" style=\"font-size:24px;\"><h3 class=\"ult-responsive info-list-heading\"  data-ultimate-target='#Info-list-wrap-4658 h3'  data-responsive-json-new='{\"font-size\":\"desktop:16px;\",\"line-height\":\"desktop:24px;\"}'  style=\"\">Misija<\/h3><div class=\"icon_description_text ult-responsive\"  data-ultimate-target='#Info-list-wrap-4658 .icon_description_text'  data-responsive-json-new='{\"font-size\":\"desktop:13px;\",\"line-height\":\"desktop:18px;\"}'  style=\"\"><ul>\n<li>\n<h4>AC Food d.o.o. ima misiju da doma\u0107em i inostranom tr\u017ei\u0161tu ponudi visokokvalitetne proizvode koji su prakti\u010dni i sigurni zbog odabranih i kvalitetnih sirovina, znanja i modernih tehnolo\u0161kih procesa.<\/h4>\n<\/li>\n<li>\n<h4>Ostvariti dugoro\u010dne veze s klijentima i potro\u0161a\u010dima uz prepoznatljive brandove visoke kvalitete i sigurnosti , koji povezuju sve generacije<\/h4>\n<\/li>\n<\/ul>\n<\/div><\/div><div class=\"icon_list_connector\"  style=\"border-right-width: 1px;border-right-style: dashed;border-color: #333333;\"><\/div><\/li><\/ul><\/div>[\/vc_column][vc_column width=&#8221;1\/3&#8243;]<div class=\"smile_icon_list_wrap ult_info_list_container ult-adjust-bottom-margin  \"><ul class=\"smile_icon_list left square with_bg\"><li class=\"icon_list_item\" style=\" font-size:72px;\"><div class=\"icon_list_icon\" data-animation=\"fadeIn\" data-animation-delay=\"03\" style=\"font-size:24px;border-width:1px;border-style:none;background:#ffffff;color:#333333;border-color:#333333;\"><i class=\"Defaults-comment-o\" ><\/i><\/div><div class=\"icon_description\" id=\"Info-list-wrap-3835\" style=\"font-size:24px;\"><h3 class=\"ult-responsive info-list-heading\"  data-ultimate-target='#Info-list-wrap-3835 h3'  data-responsive-json-new='{\"font-size\":\"desktop:16px;\",\"line-height\":\"desktop:24px;\"}'  style=\"\">Vizija<\/h3><div class=\"icon_description_text ult-responsive\"  data-ultimate-target='#Info-list-wrap-3835 .icon_description_text'  data-responsive-json-new='{\"font-size\":\"desktop:13px;\",\"line-height\":\"desktop:18px;\"}'  style=\"\"><ul>\n<li>\n<h4>AC Food d.o.o. \u017eeli postati lider u proizvodnji prehrambenih proizvoda u zemlji i regionu<\/h4>\n<\/li>\n<li>\n<h4>Promovisati zdrave i kvalitetne proizvode izlaskom na ino tr\u017ei\u0161te<\/h4>\n<\/li>\n<li>\n<h4>Proizvoditi visokokvalitetne proizvode stvaraju\u0107i dodatne vrijednosti korisnicima, vlasnicima i dru\u0161tvu<\/h4>\n<\/li>\n<li>\n<h4>Ulagati u modernizaciju proizvodnih sistema, koji \u0107e biti efikasniji, br\u017ei i isplativiji<\/h4>\n<\/li>\n<li>\n<h4>Dodatno ulagati u sistemsku edukaciju kadrova, i time obezbijediti prilagodiljivost novim zahtjevima tr\u017ei\u0161ta<\/h4>\n<\/li>\n<\/ul>\n<\/div><\/div><div class=\"icon_list_connector\"  style=\"border-right-width: 1px;border-right-style: dashed;border-color: #333333;\"><\/div><\/li><\/ul><\/div>[\/vc_column][vc_column width=&#8221;1\/3&#8243;]<div class=\"smile_icon_list_wrap ult_info_list_container ult-adjust-bottom-margin  \"><ul class=\"smile_icon_list left square with_bg\"><li class=\"icon_list_item\" style=\" font-size:72px;\"><div class=\"icon_list_icon\" data-animation=\"fadeIn\" data-animation-delay=\"03\" style=\"font-size:24px;border-width:1px;border-style:none;background:#ffffff;color:#333333;border-color:#333333;\"><i class=\"Defaults-star\" ><\/i><\/div><div class=\"icon_description\" id=\"Info-list-wrap-3466\" style=\"font-size:24px;\"><h3 class=\"ult-responsive info-list-heading\"  data-ultimate-target='#Info-list-wrap-3466 h3'  data-responsive-json-new='{\"font-size\":\"desktop:16px;\",\"line-height\":\"desktop:24px;\"}'  style=\"\">Politika kvalitete<\/h3><div class=\"icon_description_text ult-responsive\"  data-ultimate-target='#Info-list-wrap-3466 .icon_description_text'  data-responsive-json-new='{\"font-size\":\"desktop:13px;\",\"line-height\":\"desktop:18px;\"}'  style=\"\"><h2><\/h2>\n<ul>\n<li>\n<h4>Sigurnost hrane je sastavni dio sistema upravljanja kompanije AC Food d.o.o.<\/h4>\n<\/li>\n<li>\n<h4>Odabir pouzdanih dobavlja\u010da i odr\u017eavanje partnerskih odnosa sa njima, \u0161to bi osiguralo kontinuitet u proizvodnji i razvoju proizvoda<\/h4>\n<\/li>\n<li>\n<h4>Zdravstvena bezbjednost na\u0161ih proizvoda je imperativ koji \u0107emo ostvariti uspostavom sistemskog upravljanja higijenom i primjenom HACCP i HALAL principa u proizvodnji i razvoju proizvoda<\/h4>\n<\/li>\n<\/ul>\n<\/div><\/div><div class=\"icon_list_connector\"  style=\"border-right-width: 1px;border-right-style: dashed;border-color: #333333;\"><\/div><\/li><\/ul><\/div>[\/vc_column][\/vc_row][vc_row full_width=&#8221;stretch_row&#8221; css=&#8221;.vc_custom_1551094171598{padding-top: 1px !important;background: rgba(221,195,155,0.53) url(https:\/\/54.154.107.251.xip.io\/acfoodtest\/wp-content\/uploads\/2019\/02\/footer_contact.jpg?id=7403) !important;background-position: center !important;background-repeat: no-repeat !important;background-size: cover !important;*background-color: rgb(221,195,155) !important;}&#8221;][vc_column width=&#8221;1\/2&#8243;]<div id=\"ultimate-heading-93976a033c89d4b59\" class=\"uvc-heading ult-adjust-bottom-margin ultimate-heading-93976a033c89d4b59 uvc-7718 \" data-hspacer=\"no_spacer\"  data-halign=\"center\" style=\"text-align:center\"><div class=\"uvc-heading-spacer no_spacer\" style=\"top\"><\/div><div class=\"uvc-main-heading ult-responsive\"  data-ultimate-target='.uvc-heading.ultimate-heading-93976a033c89d4b59 h3'  data-responsive-json-new='{\"font-size\":\"desktop:25px;\",\"line-height\":\"desktop:25px;\"}' ><h3 style=\"font-family:&#039;Poppins&#039;;font-weight:normal;color:#333333;margin-bottom:60px;\">Kontakt<\/h3><\/div><div class=\"uvc-sub-heading ult-responsive\"  data-ultimate-target='.uvc-heading.ultimate-heading-93976a033c89d4b59 .uvc-sub-heading '  data-responsive-json-new='{\"font-size\":\"\",\"line-height\":\"\"}'  style=\"font-weight:normal;\">Polje b.b.<\/p>\n<p>77230 Velika Kladu\u0161a<\/p>\n<p>Bosna i Hercegovina<\/div><\/div>[vc_empty_space height=&#8221;25px&#8221;]<div id=\"ultimate-heading-85456a033c89d4bcd\" class=\"uvc-heading ult-adjust-bottom-margin ultimate-heading-85456a033c89d4bcd uvc-5146 \" data-hspacer=\"no_spacer\"  data-halign=\"center\" style=\"text-align:center\"><div class=\"uvc-heading-spacer no_spacer\" style=\"top\"><\/div><div class=\"uvc-main-heading ult-responsive\"  data-ultimate-target='.uvc-heading.ultimate-heading-85456a033c89d4bcd h2'  data-responsive-json-new='{\"font-size\":\"desktop:25px;\",\"line-height\":\"desktop:25px;\"}' ><h2 style=\"font-family:&#039;Poppins&#039;;font-weight:normal;color:#333333;margin-bottom:60px;\">Prodaja i marketing<\/h2><\/div><div class=\"uvc-sub-heading ult-responsive\"  data-ultimate-target='.uvc-heading.ultimate-heading-85456a033c89d4bcd .uvc-sub-heading '  data-responsive-json-new='{\"font-size\":\"\",\"line-height\":\"\"}'  style=\"font-weight:normal;\">Paromlinska 43,<\/p>\n<p>71000 Sarajevo<\/p>\n<p>Bosna i Hercegovina<\/div><\/div>[\/vc_column][vc_column width=&#8221;1\/2&#8243;]<div role=\"form\" class=\"wpcf7\" id=\"wpcf7-f9-o1\" lang=\"en-US\" dir=\"ltr\">\n<div class=\"screen-reader-response\"><\/div>\n<form action=\"\/index.php?rest_route=%2Fwp%2Fv2%2Fpages%2F7253#wpcf7-f9-o1\" method=\"post\" class=\"wpcf7-form\" novalidate=\"novalidate\">\n<div style=\"display: none;\">\n<input type=\"hidden\" name=\"_wpcf7\" value=\"9\" \/>\n<input type=\"hidden\" name=\"_wpcf7_version\" value=\"5.1.4\" \/>\n<input type=\"hidden\" name=\"_wpcf7_locale\" value=\"en_US\" \/>\n<input type=\"hidden\" name=\"_wpcf7_unit_tag\" value=\"wpcf7-f9-o1\" \/>\n<input type=\"hidden\" name=\"_wpcf7_container_post\" value=\"0\" \/>\n<\/div>\n<p><label> Va\u0161e ime (potrebno)<br \/>\n    <span class=\"wpcf7-form-control-wrap your-name\"><input type=\"text\" name=\"your-name\" value=\"\" size=\"40\" class=\"wpcf7-form-control wpcf7-text wpcf7-validates-as-required\" aria-required=\"true\" aria-invalid=\"false\" \/><\/span> <\/label><\/p>\n<p><label> Va\u0161 email (potrebno)<br \/>\n    <span class=\"wpcf7-form-control-wrap your-email\"><input type=\"email\" name=\"your-email\" value=\"\" size=\"40\" class=\"wpcf7-form-control wpcf7-text wpcf7-email wpcf7-validates-as-required wpcf7-validates-as-email\" aria-required=\"true\" aria-invalid=\"false\" \/><\/span> <\/label><\/p>\n<p><label> Opis<br \/>\n    <span class=\"wpcf7-form-control-wrap your-subject\"><input type=\"text\" name=\"your-subject\" value=\"\" size=\"40\" class=\"wpcf7-form-control wpcf7-text\" aria-invalid=\"false\" \/><\/span> <\/label><\/p>\n<p><label> Poruka<br \/>\n    <span class=\"wpcf7-form-control-wrap your-message\"><textarea name=\"your-message\" cols=\"40\" rows=\"10\" class=\"wpcf7-form-control wpcf7-textarea\" aria-invalid=\"false\"><\/textarea><\/span> <\/label><\/p>\n<p><input type=\"submit\" value=\"Po\u0161alji\" class=\"wpcf7-form-control wpcf7-submit\" \/><\/p>\n<div class=\"wpcf7-response-output wpcf7-display-none\"><\/div><\/form><\/div>[\/vc_column][\/vc_row]<\/p>\n","protected":false},"excerpt":{"rendered":"<p>[vc_row full_width=&#8221;stretch_row_content_no_spaces&#8221; css=&#8221;.vc_custom_1466963073202{padding-bottom: 0px !important;}&#8221;][vc_column][vc_column_text] Dobrodo\u0161li AC Food. [\/vc_column_text][vc_empty_space height=&#8221;55px&#8221;][\/vc_column][\/vc_row][vc_row full_width=&#8221;stretch_row&#8221; css=&#8221;.vc_custom_1550957974850{padding-bottom: 1px !important;background-color: #f2f2f2 !important;}&#8221;][vc_column][vc_custom_heading text=&#8221;AC Food je sinonim za vrijednost koja rezultira kvalitetnim brandovima. Kontinuirano ulaganje u znanje i tehnologiju su osnove na kojima kompanija gradi i ja\u010da&#8230;<\/p>\n","protected":false},"author":8,"featured_media":0,"parent":0,"menu_order":0,"comment_status":"closed","ping_status":"closed","template":"","meta":[],"_links":{"self":[{"href":"https:\/\/acfood.ba\/index.php?rest_route=\/wp\/v2\/pages\/7253"}],"collection":[{"href":"https:\/\/acfood.ba\/index.php?rest_route=\/wp\/v2\/pages"}],"about":[{"href":"https:\/\/acfood.ba\/index.php?rest_route=\/wp\/v2\/types\/page"}],"author":[{"embeddable":true,"href":"https:\/\/acfood.ba\/index.php?rest_route=\/wp\/v2\/users\/8"}],"replies":[{"embeddable":true,"href":"https:\/\/acfood.ba\/index.php?rest_route=%2Fwp%2Fv2%2Fcomments&post=7253"}],"version-history":[{"count":0,"href":"https:\/\/acfood.ba\/index.php?rest_route=\/wp\/v2\/pages\/7253\/revisions"}],"wp:attachment":[{"href":"https:\/\/acfood.ba\/index.php?rest_route=%2Fwp%2Fv2%2Fmedia&parent=7253"}],"curies":[{"name":"wp","href":"https:\/\/api.w.org\/{rel}","templated":true}]}}